{"id":7520,"date":"2024-02-16T16:37:46","date_gmt":"2024-02-16T15:37:46","guid":{"rendered":"https:\/\/fidea.com\/?page_id=7520"},"modified":"2024-05-28T13:32:32","modified_gmt":"2024-05-28T11:32:32","slug":"whistleblowing","status":"publish","type":"page","link":"https:\/\/fidea.com\/fr\/whistleblowing\/","title":{"rendered":"WHISTLEBLOWING"},"content":{"rendered":"\n<p><strong>WHISTLEBLOWING<\/strong><\/p>\n\n\n\n<p>Fidea s&rsquo;engage \u00e0 adh\u00e9rer aux normes \u00e9thiques, morales et juridiques les plus \u00e9lev\u00e9es li\u00e9es \u00e0 la conduite des affaires v\u00e9cues au quotidien, partag\u00e9es avec tous les employ\u00e9s, partenaires commerciaux et fournisseurs.<\/p>\n\n\n\n<p>Fidea s&rsquo;oppose aux comportements qui ne sont pas conformes \u00e0 ses valeurs, aux principes et proc\u00e9dures de l&rsquo;entreprise, au mod\u00e8le organisationnel 231, \u00e0 la l\u00e9gislation italienne et europ\u00e9enne. \u00c0 cette fin, un syst\u00e8me a \u00e9t\u00e9 mis en place pour g\u00e9rer les rapports sur d&rsquo;\u00e9ventuelles violations significatives conform\u00e9ment au d\u00e9cret l\u00e9gislatif. 24\/2023.<\/p>\n\n\n\n<p>Fidea propose plusieurs voies internes permettant de signaler de telles violations possibles.<\/p>\n\n\n\n<p>Pour plus d&rsquo;information, consulter la <a href=\"https:\/\/fidea.com\/wp-content\/uploads\/2024\/05\/FIDEA-PROCEDURE-DE-SIGNALEMENT.pdf\">Proc\u00e9dure de gestion des rapports<\/a>.<\/p>\n\n\n\n<p>Pour signaler toute violation et acc\u00e9der \u00e0 la plateforme \u00e9lectronique crypt\u00e9e, cliquez sur le <a href=\"https:\/\/segnalazioni.ourwhistleblowing.it\/fidea-spa\/segnalazioni\/\">lien<\/a> suivant.<\/p>\n","protected":false},"excerpt":{"rendered":"<p>WHISTLEBLOWING Fidea s&rsquo;engage \u00e0 adh\u00e9rer aux normes \u00e9thiques, morales et juridiques les plus \u00e9lev\u00e9es li\u00e9es \u00e0 la conduite des affaires v\u00e9cues au quotidien, partag\u00e9es avec tous les employ\u00e9s, partenaires commerciaux&#8230;<\/p>\n","protected":false},"author":4,"featured_media":0,"parent":0,"menu_order":0,"comment_status":"closed","ping_status":"closed","template":"","meta":{"footnotes":""},"class_list":["post-7520","page","type-page","status-publish"],"yoast_head":"<!-- This site is optimized with the Yoast SEO plugin v26.9 - https:\/\/yoast.com\/product\/yoast-seo-wordpress\/ -->\n<title>WHISTLEBLOWING - Fidea<\/title>\n<meta name=\"robots\" content=\"index, follow, max-snippet:-1, max-image-preview:large, max-video-preview:-1\" \/>\n<link rel=\"canonical\" href=\"https:\/\/fidea.com\/fr\/whistleblowing\/\" \/>\n<meta property=\"og:locale\" content=\"fr_FR\" \/>\n<meta property=\"og:type\" content=\"article\" \/>\n<meta property=\"og:title\" content=\"WHISTLEBLOWING - Fidea\" \/>\n<meta property=\"og:description\" content=\"WHISTLEBLOWING Fidea s&rsquo;engage \u00e0 adh\u00e9rer aux normes \u00e9thiques, morales et juridiques les plus \u00e9lev\u00e9es li\u00e9es \u00e0 la conduite des affaires v\u00e9cues au quotidien, partag\u00e9es avec tous les employ\u00e9s, partenaires commerciaux...\" \/>\n<meta property=\"og:url\" content=\"https:\/\/fidea.com\/fr\/whistleblowing\/\" \/>\n<meta property=\"og:site_name\" content=\"Fidea\" \/>\n<meta property=\"article:modified_time\" content=\"2024-05-28T11:32:32+00:00\" \/>\n<meta name=\"twitter:card\" content=\"summary_large_image\" \/>\n<meta name=\"twitter:label1\" content=\"Dur\u00e9e de lecture estim\u00e9e\" \/>\n\t<meta name=\"twitter:data1\" content=\"1 minute\" \/>\n<script type=\"application\/ld+json\" class=\"yoast-schema-graph\">{\"@context\":\"https:\/\/schema.org\",\"@graph\":[{\"@type\":\"WebPage\",\"@id\":\"https:\/\/fidea.com\/fr\/whistleblowing\/\",\"url\":\"https:\/\/fidea.com\/fr\/whistleblowing\/\",\"name\":\"WHISTLEBLOWING - Fidea\",\"isPartOf\":{\"@id\":\"https:\/\/fidea.com\/#website\"},\"datePublished\":\"2024-02-16T15:37:46+00:00\",\"dateModified\":\"2024-05-28T11:32:32+00:00\",\"breadcrumb\":{\"@id\":\"https:\/\/fidea.com\/fr\/whistleblowing\/#breadcrumb\"},\"inLanguage\":\"fr-FR\",\"potentialAction\":[{\"@type\":\"ReadAction\",\"target\":[\"https:\/\/fidea.com\/fr\/whistleblowing\/\"]}]},{\"@type\":\"BreadcrumbList\",\"@id\":\"https:\/\/fidea.com\/fr\/whistleblowing\/#breadcrumb\",\"itemListElement\":[{\"@type\":\"ListItem\",\"position\":1,\"name\":\"Home\",\"item\":\"https:\/\/fidea.com\/fr\/\"},{\"@type\":\"ListItem\",\"position\":2,\"name\":\"WHISTLEBLOWING\"}]},{\"@type\":\"WebSite\",\"@id\":\"https:\/\/fidea.com\/#website\",\"url\":\"https:\/\/fidea.com\/\",\"name\":\"Fidea\",\"description\":\"\",\"potentialAction\":[{\"@type\":\"SearchAction\",\"target\":{\"@type\":\"EntryPoint\",\"urlTemplate\":\"https:\/\/fidea.com\/?s={search_term_string}\"},\"query-input\":{\"@type\":\"PropertyValueSpecification\",\"valueRequired\":true,\"valueName\":\"search_term_string\"}}],\"inLanguage\":\"fr-FR\"}]}<\/script>\n<!-- \/ Yoast SEO plugin. -->","yoast_head_json":{"title":"WHISTLEBLOWING - Fidea","robots":{"index":"index","follow":"follow","max-snippet":"max-snippet:-1","max-image-preview":"max-image-preview:large","max-video-preview":"max-video-preview:-1"},"canonical":"https:\/\/fidea.com\/fr\/whistleblowing\/","og_locale":"fr_FR","og_type":"article","og_title":"WHISTLEBLOWING - Fidea","og_description":"WHISTLEBLOWING Fidea s&rsquo;engage \u00e0 adh\u00e9rer aux normes \u00e9thiques, morales et juridiques les plus \u00e9lev\u00e9es li\u00e9es \u00e0 la conduite des affaires v\u00e9cues au quotidien, partag\u00e9es avec tous les employ\u00e9s, partenaires commerciaux...","og_url":"https:\/\/fidea.com\/fr\/whistleblowing\/","og_site_name":"Fidea","article_modified_time":"2024-05-28T11:32:32+00:00","twitter_card":"summary_large_image","twitter_misc":{"Dur\u00e9e de lecture estim\u00e9e":"1 minute"},"schema":{"@context":"https:\/\/schema.org","@graph":[{"@type":"WebPage","@id":"https:\/\/fidea.com\/fr\/whistleblowing\/","url":"https:\/\/fidea.com\/fr\/whistleblowing\/","name":"WHISTLEBLOWING - Fidea","isPartOf":{"@id":"https:\/\/fidea.com\/#website"},"datePublished":"2024-02-16T15:37:46+00:00","dateModified":"2024-05-28T11:32:32+00:00","breadcrumb":{"@id":"https:\/\/fidea.com\/fr\/whistleblowing\/#breadcrumb"},"inLanguage":"fr-FR","potentialAction":[{"@type":"ReadAction","target":["https:\/\/fidea.com\/fr\/whistleblowing\/"]}]},{"@type":"BreadcrumbList","@id":"https:\/\/fidea.com\/fr\/whistleblowing\/#breadcrumb","itemListElement":[{"@type":"ListItem","position":1,"name":"Home","item":"https:\/\/fidea.com\/fr\/"},{"@type":"ListItem","position":2,"name":"WHISTLEBLOWING"}]},{"@type":"WebSite","@id":"https:\/\/fidea.com\/#website","url":"https:\/\/fidea.com\/","name":"Fidea","description":"","potentialAction":[{"@type":"SearchAction","target":{"@type":"EntryPoint","urlTemplate":"https:\/\/fidea.com\/?s={search_term_string}"},"query-input":{"@type":"PropertyValueSpecification","valueRequired":true,"valueName":"search_term_string"}}],"inLanguage":"fr-FR"}]}},"_links":{"self":[{"href":"https:\/\/fidea.com\/fr\/wp-json\/wp\/v2\/pages\/7520","targetHints":{"allow":["GET"]}}],"collection":[{"href":"https:\/\/fidea.com\/fr\/wp-json\/wp\/v2\/pages"}],"about":[{"href":"https:\/\/fidea.com\/fr\/wp-json\/wp\/v2\/types\/page"}],"author":[{"embeddable":true,"href":"https:\/\/fidea.com\/fr\/wp-json\/wp\/v2\/users\/4"}],"replies":[{"embeddable":true,"href":"https:\/\/fidea.com\/fr\/wp-json\/wp\/v2\/comments?post=7520"}],"version-history":[{"count":2,"href":"https:\/\/fidea.com\/fr\/wp-json\/wp\/v2\/pages\/7520\/revisions"}],"predecessor-version":[{"id":7563,"href":"https:\/\/fidea.com\/fr\/wp-json\/wp\/v2\/pages\/7520\/revisions\/7563"}],"wp:attachment":[{"href":"https:\/\/fidea.com\/fr\/wp-json\/wp\/v2\/media?parent=7520"}],"curies":[{"name":"wp","href":"https:\/\/api.w.org\/{rel}","templated":true}]}}